{"id":21382,"date":"2021-01-29T16:50:05","date_gmt":"2021-01-29T08:50:05","guid":{"rendered":"https:\/\/www.paralightusa.com\/total-design-solution\/"},"modified":"2022-03-10T14:33:33","modified_gmt":"2022-03-10T06:33:33","slug":"total-design-solution","status":"publish","type":"page","link":"https:\/\/www.paralightusa.com\/es\/total-design-solution\/","title":{"rendered":"Soluci\u00f3n de Dise\u00f1o Total"},"content":{"rendered":"\t\t<div data-elementor-type=\"wp-page\" data-elementor-id=\"21382\" class=\"elementor elementor-21382\">\n\t\t\t\t\t\t\t\t\t<section class=\"elementor-section elementor-top-section elementor-element elementor-element-a2c9755 elementor-section-height-min-height elementor-section-items-stretch elementor-section-content-middle elementor-section-boxed elementor-section-height-default\" data-id=\"a2c9755\" data-element_type=\"section\">\n\t\t\t\t\t\t<div class=\"elementor-container elementor-column-gap-no\">\n\t\t\t\t\t<div class=\"elementor-column elementor-col-100 elementor-top-column elementor-element elementor-element-208c942\" data-id=\"208c942\" data-element_type=\"column\" data-settings=\"{&quot;background_background&quot;:&quot;classic&quot;}\">\n\t\t\t<div class=\"elementor-widget-wrap elementor-element-populated\">\n\t\t\t\t\t\t\t\t<section class=\"elementor-section elementor-inner-section elementor-element elementor-element-611817c elementor-section-content-middle elementor-section-boxed elementor-section-height-default elementor-section-height-default\" data-id=\"611817c\" data-element_type=\"section\">\n\t\t\t\t\t\t<div class=\"elementor-container elementor-column-gap-no\">\n\t\t\t\t\t<div class=\"elementor-column elementor-col-100 elementor-inner-column elementor-element elementor-element-f13ac76\" data-id=\"f13ac76\" data-element_type=\"column\">\n\t\t\t<div class=\"elementor-widget-wrap elementor-element-populated\">\n\t\t\t\t\t\t\t\t<div class=\"elementor-element elementor-element-1b78f11 elementor-widget elementor-widget-heading\" data-id=\"1b78f11\" data-element_type=\"widget\" data-widget_type=\"heading.default\">\n\t\t\t\t<div class=\"elementor-widget-container\">\n\t\t\t<h2 class=\"elementor-heading-title elementor-size-default\">Soluci\u00f3n de Dise\u00f1o Total<\/h2>\t\t<\/div>\n\t\t\t\t<\/div>\n\t\t\t\t<div class=\"elementor-element elementor-element-b7c604b elementor-widget elementor-widget-spacer\" data-id=\"b7c604b\" data-element_type=\"widget\" data-widget_type=\"spacer.default\">\n\t\t\t\t<div class=\"elementor-widget-container\">\n\t\t\t\t\t<div class=\"elementor-spacer\">\n\t\t\t<div class=\"elementor-spacer-inner\"><\/div>\n\t\t<\/div>\n\t\t\t\t<\/div>\n\t\t\t\t<\/div>\n\t\t\t\t<div class=\"elementor-element elementor-element-d0a13af ee-breadcrumbs-align-left elementor-widget elementor-widget-ee-breadcrumbs\" data-id=\"d0a13af\" data-element_type=\"widget\" data-widget_type=\"ee-breadcrumbs.default\">\n\t\t\t\t<div class=\"elementor-widget-container\">\n\t\t\t<ul class=\"ee-breadcrumbs\" itemscope=\"\" itemtype=\"http:\/\/schema.org\/BreadcrumbList\"><\/ul>\t\t<\/div>\n\t\t\t\t<\/div>\n\t\t\t\t\t<\/div>\n\t\t<\/div>\n\t\t\t\t\t\t\t<\/div>\n\t\t<\/section>\n\t\t\t\t\t<\/div>\n\t\t<\/div>\n\t\t\t\t\t\t\t<\/div>\n\t\t<\/section>\n\t\t\t\t<section class=\"elementor-section elementor-top-section elementor-element elementor-element-1351283 elementor-section-full_width elementor-section-height-default elementor-section-height-default\" data-id=\"1351283\" data-element_type=\"section\">\n\t\t\t\t\t\t<div class=\"elementor-container elementor-column-gap-no\">\n\t\t\t\t\t<div class=\"elementor-column elementor-col-100 elementor-top-column elementor-element elementor-element-63903d5\" data-id=\"63903d5\" data-element_type=\"column\">\n\t\t\t<div class=\"elementor-widget-wrap elementor-element-populated\">\n\t\t\t\t\t\t\t\t<div class=\"elementor-element elementor-element-dee4cb5 elementor-widget elementor-widget-spacer\" data-id=\"dee4cb5\" data-element_type=\"widget\" data-widget_type=\"spacer.default\">\n\t\t\t\t<div class=\"elementor-widget-container\">\n\t\t\t\t\t<div class=\"elementor-spacer\">\n\t\t\t<div class=\"elementor-spacer-inner\"><\/div>\n\t\t<\/div>\n\t\t\t\t<\/div>\n\t\t\t\t<\/div>\n\t\t\t\t<section class=\"elementor-section elementor-inner-section elementor-element elementor-element-b76bc21 elementor-section-boxed elementor-section-height-default elementor-section-height-default\" data-id=\"b76bc21\" data-element_type=\"section\">\n\t\t\t\t\t\t<div class=\"elementor-container elementor-column-gap-no\">\n\t\t\t\t\t<div class=\"elementor-column elementor-col-33 elementor-inner-column elementor-element elementor-element-b347a1b elementor-hidden-tablet elementor-hidden-phone\" data-id=\"b347a1b\" data-element_type=\"column\">\n\t\t\t<div class=\"elementor-widget-wrap elementor-element-populated\">\n\t\t\t\t\t\t\t\t<div class=\"elementor-element elementor-element-c8c6a50 elementor-widget elementor-widget-heading\" data-id=\"c8c6a50\" data-element_type=\"widget\" data-widget_type=\"heading.default\">\n\t\t\t\t<div class=\"elementor-widget-container\">\n\t\t\t<h4 class=\"elementor-heading-title elementor-size-default\">M\u00f3dulo de ilumina\u00e7\u00e3o<\/h4>\t\t<\/div>\n\t\t\t\t<\/div>\n\t\t\t\t<div class=\"elementor-element elementor-element-8b66ef7 sideBarNav elementor-widget elementor-widget-nav-menu\" data-id=\"8b66ef7\" data-element_type=\"widget\" data-settings=\"{&quot;layout&quot;:&quot;dropdown&quot;,&quot;submenu_icon&quot;:{&quot;value&quot;:&quot;&lt;i class=\\&quot;fas fa-angle-down\\&quot;&gt;&lt;\\\/i&gt;&quot;,&quot;library&quot;:&quot;fa-solid&quot;}}\" data-widget_type=\"nav-menu.default\">\n\t\t\t\t<div class=\"elementor-widget-container\">\n\t\t\t\t\t<div class=\"elementor-menu-toggle\" role=\"button\" tabindex=\"0\" aria-label=\"Menu Toggle\" aria-expanded=\"false\">\n\t\t\t<i aria-hidden=\"true\" role=\"presentation\" class=\"elementor-menu-toggle__icon--open eicon-menu-bar\"><\/i><i aria-hidden=\"true\" role=\"presentation\" class=\"elementor-menu-toggle__icon--close eicon-close\"><\/i>\t\t\t<span class=\"elementor-screen-only\">Menu<\/span>\n\t\t<\/div>\n\t\t\t<nav class=\"elementor-nav-menu--dropdown elementor-nav-menu__container\" role=\"navigation\" aria-hidden=\"true\">\n\t\t\t\t<ul id=\"menu-2-8b66ef7\" class=\"elementor-nav-menu\"><li class=\"menu-item menu-item-type-custom menu-item-object-custom menu-item-24898\"><a href=\"\/es\/seeking-excellence-2\/\" class=\"elementor-item menu-link\" tabindex=\"-1\">Buscando la Excelencia<\/a><\/li>\n<li class=\"menu-item menu-item-type-post_type menu-item-object-page menu-item-23056\"><a href=\"https:\/\/www.paralightusa.com\/es\/total-design-solution\/\" class=\"elementor-item menu-link\" tabindex=\"-1\">Soluci\u00f3n de Dise\u00f1o Total<\/a><\/li>\n<\/ul>\t\t\t<\/nav>\n\t\t\t\t<\/div>\n\t\t\t\t<\/div>\n\t\t\t\t\t<\/div>\n\t\t<\/div>\n\t\t\t\t<div class=\"elementor-column elementor-col-66 elementor-inner-column elementor-element elementor-element-a22ce5c\" data-id=\"a22ce5c\" data-element_type=\"column\" data-settings=\"{&quot;background_background&quot;:&quot;classic&quot;}\">\n\t\t\t<div class=\"elementor-widget-wrap elementor-element-populated\">\n\t\t\t\t\t\t\t\t<div class=\"elementor-element elementor-element-57f0a6d elementor-widget elementor-widget-text-editor\" data-id=\"57f0a6d\" data-element_type=\"widget\" data-widget_type=\"text-editor.default\">\n\t\t\t\t<div class=\"elementor-widget-container\">\n\t\t\t\t\t\t\t<img loading=\"lazy\" decoding=\"async\" class=\"alignnone wp-image-4513\" src=\"https:\/\/www.paralightusa.com\/wp-content\/uploads\/module_8.jpg\" alt=\"\" width=\"624\" height=\"690\" \/>\t\t\t\t\t\t<\/div>\n\t\t\t\t<\/div>\n\t\t\t\t\t<\/div>\n\t\t<\/div>\n\t\t\t\t\t\t\t<\/div>\n\t\t<\/section>\n\t\t\t\t<div class=\"elementor-element elementor-element-9e47156 elementor-widget elementor-widget-spacer\" data-id=\"9e47156\" data-element_type=\"widget\" data-widget_type=\"spacer.default\">\n\t\t\t\t<div class=\"elementor-widget-container\">\n\t\t\t\t\t<div class=\"elementor-spacer\">\n\t\t\t<div class=\"elementor-spacer-inner\"><\/div>\n\t\t<\/div>\n\t\t\t\t<\/div>\n\t\t\t\t<\/div>\n\t\t\t\t\t<\/div>\n\t\t<\/div>\n\t\t\t\t\t\t\t<\/div>\n\t\t<\/section>\n\t\t\t\t\t\t\t<\/div>\n\t\t","protected":false},"excerpt":{"rendered":"<p>Search M\u00f3dulo de ilumina\u00e7\u00e3o<\/p>\n","protected":false},"author":1,"featured_media":19392,"parent":0,"menu_order":2,"comment_status":"closed","ping_status":"closed","template":"elementor_header_footer","meta":{"site-sidebar-layout":"no-sidebar","site-content-layout":"page-builder","ast-site-content-layout":"","site-content-style":"default","site-sidebar-style":"default","ast-global-header-display":"","ast-banner-title-visibility":"","ast-main-header-display":"","ast-hfb-above-header-display":"","ast-hfb-below-header-display":"","ast-hfb-mobile-header-display":"","site-post-title":"disabled","ast-breadcrumbs-content":"","ast-featured-img":"disabled","footer-sml-layout":"","theme-transparent-header-meta":"default","adv-header-id-meta":"","stick-header-meta":"default","header-above-stick-meta":"","header-main-stick-meta":"","header-below-stick-meta":"","astra-migrate-meta-layouts":"","footnotes":""},"class_list":["post-21382","page","type-page","status-publish","has-post-thumbnail","hentry"],"acf":[],"yoast_head":"<!-- This site is optimized with the Yoast SEO plugin v21.0 - https:\/\/yoast.com\/wordpress\/plugins\/seo\/ -->\n<title>Products\uff5cModule Lighting\uff5cSoluci\u00f3n de Dise\u00f1o Total - Para Light Electronics Co., Ltd.<\/title>\n<meta name=\"description\" content=\"1. Design idea 2. 3D &amp; Lighting design 3. Optometry simulation &amp; Result 4. Mock up sample verification 5. Mass protuction &amp; quality control\" \/>\n<meta name=\"robots\" content=\"index, follow, max-snippet:-1, max-image-preview:large, max-video-preview:-1\" \/>\n<link rel=\"canonical\" href=\"https:\/\/www.paralightusa.com\/es\/total-design-solution\/\" \/>\n<meta property=\"og:locale\" content=\"es_ES\" \/>\n<meta property=\"og:type\" content=\"article\" \/>\n<meta property=\"og:title\" content=\"Products\uff5cModule Lighting\uff5cTotal Design Solution\" \/>\n<meta property=\"og:description\" content=\"1. Design idea 2. 3D &amp; Lighting design 3. Optometry simulation &amp; Result 4. Mock up sample verification 5. Mass protuction &amp; quality control\" \/>\n<meta property=\"og:url\" content=\"https:\/\/www.paralightusa.com\/es\/total-design-solution\/\" \/>\n<meta property=\"og:site_name\" content=\"Para Light USA\" \/>\n<meta property=\"article:modified_time\" content=\"2022-03-10T06:33:33+00:00\" \/>\n<meta property=\"og:image\" content=\"https:\/\/www.paralightusa.com\/wp-content\/uploads\/module_500x500_2.jpg\" \/>\n\t<meta property=\"og:image:width\" content=\"500\" \/>\n\t<meta property=\"og:image:height\" content=\"500\" \/>\n\t<meta property=\"og:image:type\" content=\"image\/jpeg\" \/>\n<meta name=\"twitter:card\" content=\"summary_large_image\" \/>\n<meta name=\"twitter:title\" content=\"Products\uff5cModule Lighting\uff5cTotal Design Solution\" \/>\n<meta name=\"twitter:description\" content=\"1. Design idea 2. 3D &amp; Lighting design 3. Optometry simulation &amp; Result 4. Mock up sample verification 5. Mass protuction &amp; quality control\" \/>\n<meta name=\"twitter:image\" content=\"https:\/\/www.paralightusa.com\/wp-content\/uploads\/module_500x500_2.jpg\" \/>\n<meta name=\"twitter:label1\" content=\"Est. reading time\" \/>\n\t<meta name=\"twitter:data1\" content=\"1 minute\" \/>\n<script type=\"application\/ld+json\" class=\"yoast-schema-graph\">{\"@context\":\"https:\/\/schema.org\",\"@graph\":[{\"@type\":\"WebPage\",\"@id\":\"https:\/\/www.paralightusa.com\/es\/total-design-solution\/\",\"url\":\"https:\/\/www.paralightusa.com\/es\/total-design-solution\/\",\"name\":\"Products\uff5cModule Lighting\uff5cSoluci\u00f3n de Dise\u00f1o Total - Para Light Electronics Co., Ltd.\",\"isPartOf\":{\"@id\":\"https:\/\/www.paralightusa.com\/#website\"},\"datePublished\":\"2021-01-29T08:50:05+00:00\",\"dateModified\":\"2022-03-10T06:33:33+00:00\",\"description\":\"1. Design idea 2. 3D & Lighting design 3. Optometry simulation & Result 4. Mock up sample verification 5. Mass protuction & quality control\",\"breadcrumb\":{\"@id\":\"https:\/\/www.paralightusa.com\/es\/total-design-solution\/#breadcrumb\"},\"inLanguage\":\"es-ES\",\"potentialAction\":[{\"@type\":\"ReadAction\",\"target\":[\"https:\/\/www.paralightusa.com\/es\/total-design-solution\/\"]}]},{\"@type\":\"BreadcrumbList\",\"@id\":\"https:\/\/www.paralightusa.com\/es\/total-design-solution\/#breadcrumb\",\"itemListElement\":[{\"@type\":\"ListItem\",\"position\":1,\"name\":\"Homw\",\"item\":\"https:\/\/www.paralightusa.com\/es\/\"},{\"@type\":\"ListItem\",\"position\":2,\"name\":\"Soluci\u00f3n de Dise\u00f1o Total\"}]},{\"@type\":\"WebSite\",\"@id\":\"https:\/\/www.paralightusa.com\/#website\",\"url\":\"https:\/\/www.paralightusa.com\/\",\"name\":\"Para Light USA\",\"description\":\"\",\"publisher\":{\"@id\":\"https:\/\/www.paralightusa.com\/#organization\"},\"potentialAction\":[{\"@type\":\"SearchAction\",\"target\":{\"@type\":\"EntryPoint\",\"urlTemplate\":\"https:\/\/www.paralightusa.com\/?s={search_term_string}\"},\"query-input\":\"required name=search_term_string\"}],\"inLanguage\":\"es-ES\"},{\"@type\":\"Organization\",\"@id\":\"https:\/\/www.paralightusa.com\/#organization\",\"name\":\"Para Light USA\",\"url\":\"https:\/\/www.paralightusa.com\/\",\"logo\":{\"@type\":\"ImageObject\",\"inLanguage\":\"es-ES\",\"@id\":\"https:\/\/www.paralightusa.com\/#\/schema\/logo\/image\/\",\"url\":\"https:\/\/www.paralightusa.com\/wp-content\/uploads\/2020\/11\/logo-blue.png\",\"contentUrl\":\"https:\/\/www.paralightusa.com\/wp-content\/uploads\/2020\/11\/logo-blue.png\",\"width\":\"337\",\"height\":\"256\",\"caption\":\"Para Light USA\"},\"image\":{\"@id\":\"https:\/\/www.paralightusa.com\/#\/schema\/logo\/image\/\"}}]}<\/script>\n<!-- \/ Yoast SEO plugin. -->","yoast_head_json":{"title":"Products\uff5cModule Lighting\uff5cSoluci\u00f3n de Dise\u00f1o Total - Para Light Electronics Co., Ltd.","description":"1. Design idea 2. 3D & Lighting design 3. Optometry simulation & Result 4. Mock up sample verification 5. Mass protuction & quality control","robots":{"index":"index","follow":"follow","max-snippet":"max-snippet:-1","max-image-preview":"max-image-preview:large","max-video-preview":"max-video-preview:-1"},"canonical":"https:\/\/www.paralightusa.com\/es\/total-design-solution\/","og_locale":"es_ES","og_type":"article","og_title":"Products\uff5cModule Lighting\uff5cTotal Design Solution","og_description":"1. Design idea 2. 3D & Lighting design 3. Optometry simulation & Result 4. Mock up sample verification 5. Mass protuction & quality control","og_url":"https:\/\/www.paralightusa.com\/es\/total-design-solution\/","og_site_name":"Para Light USA","article_modified_time":"2022-03-10T06:33:33+00:00","og_image":[{"width":500,"height":500,"url":"https:\/\/www.paralightusa.com\/wp-content\/uploads\/module_500x500_2.jpg","type":"image\/jpeg"}],"twitter_card":"summary_large_image","twitter_title":"Products\uff5cModule Lighting\uff5cTotal Design Solution","twitter_description":"1. Design idea 2. 3D & Lighting design 3. Optometry simulation & Result 4. Mock up sample verification 5. Mass protuction & quality control","twitter_image":"https:\/\/www.paralightusa.com\/wp-content\/uploads\/module_500x500_2.jpg","twitter_misc":{"Est. reading time":"1 minute"},"schema":{"@context":"https:\/\/schema.org","@graph":[{"@type":"WebPage","@id":"https:\/\/www.paralightusa.com\/es\/total-design-solution\/","url":"https:\/\/www.paralightusa.com\/es\/total-design-solution\/","name":"Products\uff5cModule Lighting\uff5cSoluci\u00f3n de Dise\u00f1o Total - Para Light Electronics Co., Ltd.","isPartOf":{"@id":"https:\/\/www.paralightusa.com\/#website"},"datePublished":"2021-01-29T08:50:05+00:00","dateModified":"2022-03-10T06:33:33+00:00","description":"1. Design idea 2. 3D & Lighting design 3. Optometry simulation & Result 4. Mock up sample verification 5. Mass protuction & quality control","breadcrumb":{"@id":"https:\/\/www.paralightusa.com\/es\/total-design-solution\/#breadcrumb"},"inLanguage":"es-ES","potentialAction":[{"@type":"ReadAction","target":["https:\/\/www.paralightusa.com\/es\/total-design-solution\/"]}]},{"@type":"BreadcrumbList","@id":"https:\/\/www.paralightusa.com\/es\/total-design-solution\/#breadcrumb","itemListElement":[{"@type":"ListItem","position":1,"name":"Homw","item":"https:\/\/www.paralightusa.com\/es\/"},{"@type":"ListItem","position":2,"name":"Soluci\u00f3n de Dise\u00f1o Total"}]},{"@type":"WebSite","@id":"https:\/\/www.paralightusa.com\/#website","url":"https:\/\/www.paralightusa.com\/","name":"Para Light USA","description":"","publisher":{"@id":"https:\/\/www.paralightusa.com\/#organization"},"potentialAction":[{"@type":"SearchAction","target":{"@type":"EntryPoint","urlTemplate":"https:\/\/www.paralightusa.com\/?s={search_term_string}"},"query-input":"required name=search_term_string"}],"inLanguage":"es-ES"},{"@type":"Organization","@id":"https:\/\/www.paralightusa.com\/#organization","name":"Para Light USA","url":"https:\/\/www.paralightusa.com\/","logo":{"@type":"ImageObject","inLanguage":"es-ES","@id":"https:\/\/www.paralightusa.com\/#\/schema\/logo\/image\/","url":"https:\/\/www.paralightusa.com\/wp-content\/uploads\/2020\/11\/logo-blue.png","contentUrl":"https:\/\/www.paralightusa.com\/wp-content\/uploads\/2020\/11\/logo-blue.png","width":"337","height":"256","caption":"Para Light USA"},"image":{"@id":"https:\/\/www.paralightusa.com\/#\/schema\/logo\/image\/"}}]}},"_links":{"self":[{"href":"https:\/\/www.paralightusa.com\/es\/wp-json\/wp\/v2\/pages\/21382","targetHints":{"allow":["GET"]}}],"collection":[{"href":"https:\/\/www.paralightusa.com\/es\/wp-json\/wp\/v2\/pages"}],"about":[{"href":"https:\/\/www.paralightusa.com\/es\/wp-json\/wp\/v2\/types\/page"}],"author":[{"embeddable":true,"href":"https:\/\/www.paralightusa.com\/es\/wp-json\/wp\/v2\/users\/1"}],"replies":[{"embeddable":true,"href":"https:\/\/www.paralightusa.com\/es\/wp-json\/wp\/v2\/comments?post=21382"}],"version-history":[{"count":0,"href":"https:\/\/www.paralightusa.com\/es\/wp-json\/wp\/v2\/pages\/21382\/revisions"}],"wp:featuredmedia":[{"embeddable":true,"href":"https:\/\/www.paralightusa.com\/es\/wp-json\/wp\/v2\/media\/19392"}],"wp:attachment":[{"href":"https:\/\/www.paralightusa.com\/es\/wp-json\/wp\/v2\/media?parent=21382"}],"curies":[{"name":"wp","href":"https:\/\/api.w.org\/{rel}","templated":true}]}}